{"id":42,"date":"2021-04-03T16:15:27","date_gmt":"2021-04-03T15:15:27","guid":{"rendered":"https:\/\/lesdelicesdalice35.wordpress.com\/?page_id=42"},"modified":"2022-11-28T12:38:29","modified_gmt":"2022-11-28T11:38:29","slug":"a-propos-de-moi","status":"publish","type":"page","link":"https:\/\/alice-deslices.fr\/index.php\/a-propos-de-moi\/","title":{"rendered":"A propos de moi"},"content":{"rendered":"\n<p>Je suis une jeune femme de 25ans, d&rsquo;origine maghr\u00e9bine. Cheveux roses, yeux marrons, l\u00e8vres gourmandes et corps tout en rondeur.<\/p>\n\n\n\n<figure class=\"wp-block-video\"><video controls src=\"https:\/\/alice-deslices.fr\/wp-content\/uploads\/2022\/03\/vid-20211219-wa0001.mp4\"><\/video><\/figure>\n\n\n\n<p>Je suis une escorte PSE ( porn star experience) j&rsquo;aime qu&rsquo;on me prenne, qu&rsquo;on me retourne, finir en sueur, les levrettes endiabl\u00e9es et les claques sur le cul&#8230;les c\u00e2lins c&rsquo;est pas vraiment mon truc. Je peux \u00eatre douce des fois mais je conviens mieux \u00e0 vos envies de sexe d\u00e9brid\u00e9 qu&rsquo;\u00e0 vos envies de douceur. Suceuse hors pair, je saurais m&rsquo;occuper de vous avec gourmandise .<\/p>\n\n\n\n<figure class=\"wp-block-image size-large\"><img data-recalc-dims=\"1\" loading=\"lazy\" decoding=\"async\" width=\"500\" height=\"228\" src=\"https:\/\/i0.wp.com\/alice-deslices.fr\/wp-content\/uploads\/2021\/12\/1u9eixpt95blg.gif?resize=500%2C228&#038;ssl=1\" alt=\"\" class=\"wp-image-177\"\/><\/figure>\n\n\n\n<p>Je suis \u00e9galement Dominatrice, plut\u00f4t sadique, j&rsquo;aime faire mal et frustrer est l&rsquo;un de mes p\u00e9ch\u00e9s mignons.<\/p>\n\n\n\n<p>J&rsquo;ai une passion pour le cul et une envie de d\u00e9couverte constante qui m&rsquo;ont fait me tourner naturellement vers ce m\u00e9tier.  D&rsquo;un naturel curieux, j&rsquo;ai eu l&rsquo;occasion d&rsquo;essayer quelques pratiques et je suis (presque) toujours partante pour essayer de nouvelles choses. J&rsquo;ai pour habitude de ne pas juger les fantasmes des autres, du moment que tout se passe entre adultes consentants et que \u00e7a ne fait de mal \u00e0 personne qui suis-je pour juger?<\/p>\n\n\n\n<figure class=\"wp-block-image size-large\"><img data-recalc-dims=\"1\" loading=\"lazy\" decoding=\"async\" width=\"480\" height=\"270\" src=\"https:\/\/i0.wp.com\/alice-deslices.fr\/wp-content\/uploads\/2021\/12\/3o7acsn9jiwu8h0vbm.gif?resize=480%2C270&#038;ssl=1\" alt=\"\" class=\"wp-image-178\"\/><\/figure>\n\n\n\n<p>Je suis tr\u00e8s ouverte d&rsquo;esprit, que ce soit du sexe vanille ou du BDSM soft, tout me plait.<\/p>\n\n\n\n<p>En talons ou en baskets, nue sous ma robe ou avec ma plus belle lingerie de pin-up, avec des poils ou sans, c&rsquo;est \u00e0 vous de voir mais je saurais m&rsquo;adapter \u00e0 vos envies.<\/p>\n\n\n\n<p>Je  me d\u00e9place \u00e0 votre domicile, h\u00f4tel ou airbnb (pas dans la  nature, pas dans une voiture ect). Ou je vous re\u00e7ois \u00e0 mon domicile ou dans une chambre d&rsquo;h\u00f4tel.<\/p>\n\n\n\n<p>Je suis bien entendu discr\u00e8te et respecte la vie priv\u00e9e de mes clients. Pensez \u00e0 me dire si n\u00e9cessaire de ne pas porter de parfum, ce serait dommage de cr\u00e9er un conflit au sein de votre couple.<\/p>\n\n\n\n<p>J&rsquo;attends de vous une hygi\u00e8ne irr\u00e9prochable, avant mon arriv\u00e9e vous aurez pris une douche et aurez pass\u00e9 un coup de ciseaux dans votre toison.<\/p>\n\n\n\n<p>Je suis s\u00fbre que nous passerons un excellent moment ensemble.<\/p>\n\n\n<div class=\"wp-block-image\">\n<figure class=\"aligncenter size-large\"><img data-recalc-dims=\"1\" loading=\"lazy\" decoding=\"async\" width=\"245\" height=\"138\" src=\"https:\/\/lesdelicesdalice35.files.wordpress.com\/2021\/12\/z82ja4j6iqhou.gif?w=245&#038;resize=245%2C138\" alt=\"\" class=\"wp-image-172\"\/><\/figure><\/div>","protected":false},"excerpt":{"rendered":"<p>Je suis une jeune femme de 25ans, d&rsquo;origine maghr\u00e9bine. Cheveux roses, yeux marrons, l\u00e8vres gourmandes et corps tout en rondeur. Je suis une escorte PSE ( porn star experience) j&rsquo;aime qu&rsquo;on me prenne, qu&rsquo;on me retourne, finir en sueur, les levrettes endiabl\u00e9es et les claques sur le cul&#8230;les c\u00e2lins c&rsquo;est pas vraiment mon truc. Je&hellip; <a class=\"more-link\" href=\"https:\/\/alice-deslices.fr\/index.php\/a-propos-de-moi\/\">Poursuivre la lecture <span class=\"screen-reader-text\">A propos de moi<\/span><\/a><\/p>\n","protected":false},"author":2,"featured_media":0,"parent":0,"menu_order":0,"comment_status":"closed","ping_status":"closed","template":"","meta":{"om_disable_all_campaigns":false,"_monsterinsights_skip_tracking":false,"_monsterinsights_sitenote_active":false,"_monsterinsights_sitenote_note":"","_monsterinsights_sitenote_category":0,"footnotes":""},"class_list":["post-42","page","type-page","status-publish","hentry","entry"],"aioseo_notices":[],"jetpack_sharing_enabled":true,"_links":{"self":[{"href":"https:\/\/alice-deslices.fr\/index.php\/wp-json\/wp\/v2\/pages\/42","targetHints":{"allow":["GET"]}}],"collection":[{"href":"https:\/\/alice-deslices.fr\/index.php\/wp-json\/wp\/v2\/pages"}],"about":[{"href":"https:\/\/alice-deslices.fr\/index.php\/wp-json\/wp\/v2\/types\/page"}],"author":[{"embeddable":true,"href":"https:\/\/alice-deslices.fr\/index.php\/wp-json\/wp\/v2\/users\/2"}],"replies":[{"embeddable":true,"href":"https:\/\/alice-deslices.fr\/index.php\/wp-json\/wp\/v2\/comments?post=42"}],"version-history":[{"count":1,"href":"https:\/\/alice-deslices.fr\/index.php\/wp-json\/wp\/v2\/pages\/42\/revisions"}],"predecessor-version":[{"id":333,"href":"https:\/\/alice-deslices.fr\/index.php\/wp-json\/wp\/v2\/pages\/42\/revisions\/333"}],"wp:attachment":[{"href":"https:\/\/alice-deslices.fr\/index.php\/wp-json\/wp\/v2\/media?parent=42"}],"curies":[{"name":"wp","href":"https:\/\/api.w.org\/{rel}","templated":true}]}}