{"id":41,"date":"2021-04-03T17:15:25","date_gmt":"2021-04-03T15:15:25","guid":{"rendered":"https:\/\/lesdelicesdalice35.wordpress.com\/?page_id=41"},"modified":"2023-08-21T19:19:59","modified_gmt":"2023-08-21T18:19:59","slug":"prendre-un-rendez-vous","status":"publish","type":"page","link":"https:\/\/alice-deslices.fr\/index.php\/prendre-un-rendez-vous\/","title":{"rendered":"Prendre un rendez-vous"},"content":{"rendered":"\n<figure class=\"wp-block-image size-large\"><img data-recalc-dims=\"1\" decoding=\"async\" src=\"https:\/\/i0.wp.com\/alice-deslices.fr\/wp-content\/uploads\/2021\/04\/16.jpg?w=750&#038;ssl=1\" alt=\"\" class=\"wp-image-54\"\/><\/figure>\n\n\n\n<p class=\"has-extra-large-font-size\"><strong>PAS DE RENDEZ VOUS SANS ACOMPTE<\/strong><\/p>\n\n\n\n<p>Si vous \u00eates ici c&rsquo;est que vous souhaitez passer un moment en ma compagnie. Alors laissez moi vous expliquer la marche \u00e0 suivre.<\/p>\n\n\n\n<figure class=\"wp-block-image size-large\"><img data-recalc-dims=\"1\" decoding=\"async\" src=\"https:\/\/i0.wp.com\/alice-deslices.fr\/wp-content\/uploads\/2022\/10\/img_20221005_154330.jpg?w=750&#038;ssl=1\" alt=\"\" class=\"wp-image-299\"\/><\/figure>\n\n\n\n<p><strong>Pour notre premier contact:<\/strong><\/p>\n\n\n\n<p>\u00c9crivez moi via WhatsApp\/Signal ou Telegram. Je ne r\u00e9ponds pas aux appels.<\/p>\n\n\n\n<p><br>Pr\u00e9sentez vous! \u00c2ge, lieu de la rencontre, combien de temps, photo, pr\u00e9nom&#8230;Faites en sorte que je n&rsquo;ai pas besoin de vous poser de question.<\/p>\n\n\n\n<p> Prenez le temps de r\u00e9diger votre message avec des phrases et en fran\u00e7ais (je suis sensible aux mots).<\/p>\n\n\n\n<figure class=\"wp-block-image size-large\"><img data-recalc-dims=\"1\" loading=\"lazy\" decoding=\"async\" width=\"435\" height=\"243\" src=\"https:\/\/i0.wp.com\/alice-deslices.fr\/wp-content\/uploads\/2021\/12\/ipgb3ifukgni8.gif?resize=435%2C243&#038;ssl=1\" alt=\"\" class=\"wp-image-174\"\/><figcaption class=\"wp-element-caption\">Moi devant certains messages<\/figcaption><\/figure>\n\n\n\n<p>Pensez \u00e0 \u00e9crire le mot de passe \u00a0\u00bbsalsifi\u00a0\u00bb dans votre premier message comme \u00e7a je sais que vous avez pris le temps de lire mes conditions.<\/p>\n\n\n\n<figure class=\"wp-block-gallery has-nested-images columns-default is-cropped wp-block-gallery-1 is-layout-flex wp-block-gallery-is-layout-flex\">\n<figure class=\"wp-block-image size-large\"><img data-recalc-dims=\"1\" decoding=\"async\" data-id=\"147\" src=\"https:\/\/i0.wp.com\/alice-deslices.fr\/wp-content\/uploads\/2021\/06\/tenor28129-1.gif?w=750&#038;ssl=1\" alt=\"\" class=\"wp-image-147\"\/><\/figure>\n<\/figure>\n\n\n\n<p>Je n&rsquo;accepte pas de rendez vous de derni\u00e8re minute. Merci de me contacter la veille au plus tard. Sachez que tant que l&rsquo;acompte n&rsquo;est pas vers\u00e9 votre rendez vous n&rsquo;est pas bloqu\u00e9.<\/p>\n\n\n\n<figure class=\"wp-block-image size-large is-resized\"><img data-recalc-dims=\"1\" loading=\"lazy\" decoding=\"async\" src=\"https:\/\/i0.wp.com\/alice-deslices.fr\/wp-content\/uploads\/2022\/10\/img_20221005_150717.jpg?resize=385%2C471&#038;ssl=1\" alt=\"\" class=\"wp-image-293\" width=\"385\" height=\"471\" srcset=\"https:\/\/i0.wp.com\/alice-deslices.fr\/wp-content\/uploads\/2022\/10\/img_20221005_150717.jpg?w=1076&amp;ssl=1 1076w, https:\/\/i0.wp.com\/alice-deslices.fr\/wp-content\/uploads\/2022\/10\/img_20221005_150717.jpg?resize=245%2C300&amp;ssl=1 245w, https:\/\/i0.wp.com\/alice-deslices.fr\/wp-content\/uploads\/2022\/10\/img_20221005_150717.jpg?resize=836%2C1024&amp;ssl=1 836w, https:\/\/i0.wp.com\/alice-deslices.fr\/wp-content\/uploads\/2022\/10\/img_20221005_150717.jpg?resize=768%2C941&amp;ssl=1 768w\" sizes=\"auto, (max-width: 385px) 100vw, 385px\" \/><\/figure>\n\n\n\n<p>Si vous avez tout int\u00e9gr\u00e9 vous pouvez me contacter par mail alice_escorte@outlook.fr ou par WhatsApp\/ Signal\/ Telegram au 06.95.29.59.05<\/p>\n\n\n\n<p>Pass\u00e9 22h mon t\u00e9l\u00e9phone est \u00e9teint, je vous r\u00e9pondrai le lendemain.<\/p>\n\n\n\n<p>Je n&rsquo;accepte pas de rendez vous sans acompte.<\/p>\n\n\n\n<p>Non, vraiment c&rsquo;est pas la peine d&rsquo;essayer de n\u00e9gocier, PAS D&rsquo;ACOMPTE PAS DE RENDEZ-VOUS <\/p>\n\n\n\n<figure class=\"wp-block-image size-large\"><img data-recalc-dims=\"1\" loading=\"lazy\" decoding=\"async\" width=\"480\" height=\"270\" src=\"https:\/\/i0.wp.com\/alice-deslices.fr\/wp-content\/uploads\/2021\/12\/109xlesvzabdcg28129.gif?resize=480%2C270&#038;ssl=1\" alt=\"\" class=\"wp-image-175\"\/><\/figure>\n","protected":false},"excerpt":{"rendered":"<p>PAS DE RENDEZ VOUS SANS ACOMPTE Si vous \u00eates ici c&rsquo;est que vous souhaitez passer un moment en ma compagnie. Alors laissez moi vous expliquer la marche \u00e0 suivre. Pour notre premier contact: \u00c9crivez moi via WhatsApp\/Signal ou Telegram. Je ne r\u00e9ponds pas aux appels. Pr\u00e9sentez vous! \u00c2ge, lieu de la rencontre, combien de temps,&hellip; <a class=\"more-link\" href=\"https:\/\/alice-deslices.fr\/index.php\/prendre-un-rendez-vous\/\">Poursuivre la lecture <span class=\"screen-reader-text\">Prendre un rendez-vous<\/span><\/a><\/p>\n","protected":false},"author":2,"featured_media":0,"parent":0,"menu_order":0,"comment_status":"closed","ping_status":"closed","template":"","meta":{"om_disable_all_campaigns":false,"_monsterinsights_skip_tracking":false,"_monsterinsights_sitenote_active":false,"_monsterinsights_sitenote_note":"","_monsterinsights_sitenote_category":0,"footnotes":""},"class_list":["post-41","page","type-page","status-publish","hentry","entry"],"aioseo_notices":[],"jetpack_sharing_enabled":true,"_links":{"self":[{"href":"https:\/\/alice-deslices.fr\/index.php\/wp-json\/wp\/v2\/pages\/41","targetHints":{"allow":["GET"]}}],"collection":[{"href":"https:\/\/alice-deslices.fr\/index.php\/wp-json\/wp\/v2\/pages"}],"about":[{"href":"https:\/\/alice-deslices.fr\/index.php\/wp-json\/wp\/v2\/types\/page"}],"author":[{"embeddable":true,"href":"https:\/\/alice-deslices.fr\/index.php\/wp-json\/wp\/v2\/users\/2"}],"replies":[{"embeddable":true,"href":"https:\/\/alice-deslices.fr\/index.php\/wp-json\/wp\/v2\/comments?post=41"}],"version-history":[{"count":3,"href":"https:\/\/alice-deslices.fr\/index.php\/wp-json\/wp\/v2\/pages\/41\/revisions"}],"predecessor-version":[{"id":383,"href":"https:\/\/alice-deslices.fr\/index.php\/wp-json\/wp\/v2\/pages\/41\/revisions\/383"}],"wp:attachment":[{"href":"https:\/\/alice-deslices.fr\/index.php\/wp-json\/wp\/v2\/media?parent=41"}],"curies":[{"name":"wp","href":"https:\/\/api.w.org\/{rel}","templated":true}]}}