{"id":297,"date":"2021-12-16T18:21:08","date_gmt":"2021-12-16T16:21:08","guid":{"rendered":"https:\/\/lesdelicesdalice35.wordpress.com\/?page_id=201"},"modified":"2024-01-03T15:53:49","modified_gmt":"2024-01-03T14:53:49","slug":"domination-2","status":"publish","type":"page","link":"https:\/\/alice-deslices.fr\/index.php\/domination-2\/","title":{"rendered":"Domination"},"content":{"rendered":"\n<p>Vous entrez ici dans mon Donjon. Si vous souhaitez \u00eatre \u00e0 mes pieds durant une heure ou plus vous \u00eates au bon endroit. <\/p>\n\n\n\n<figure class=\"wp-block-image size-large\"><img data-recalc-dims=\"1\" decoding=\"async\" src=\"https:\/\/i0.wp.com\/alice-deslices.fr\/wp-content\/uploads\/2021\/12\/w5fmjt2dvtkp6rxfjw-1.gif?w=750&#038;ssl=1\" alt=\"\" class=\"wp-image-203\"\/><\/figure>\n\n\n\n<p>J&rsquo;accepte les curieux et les d\u00e9butants ainsi que les chiens plus habitu\u00e9s. Les consignes pour me contacter sont les m\u00eames que pour les s\u00e9ances vanille mais tu m&rsquo;appelleras Madame et tu me pr\u00e9ciseras ta recherche et tes envies. \u00c0 moi d&rsquo;en tenir compte&#8230;ou pas <\/p>\n\n\n\n<figure class=\"wp-block-image size-large\"><img data-recalc-dims=\"1\" decoding=\"async\" src=\"https:\/\/i0.wp.com\/alice-deslices.fr\/wp-content\/uploads\/2021\/12\/l0cluda79lis3kr3y-1.gif?w=750&#038;ssl=1\" alt=\"\" class=\"wp-image-205\"\/><\/figure>\n\n\n\n<p>Je suis relativement \u00e9quip\u00e9e mais si tu as des envies particuli\u00e8res, n&rsquo;h\u00e9site pas \u00e0 ramener ton mat\u00e9riel. Si j&rsquo;ai besoin d&rsquo;acheter d&rsquo;autres objets pour notre s\u00e9ance, c&rsquo;est toi qui paye bien entendu.<\/p>\n\n\n\n<figure class=\"wp-block-image size-large\"><img data-recalc-dims=\"1\" loading=\"lazy\" decoding=\"async\" width=\"750\" height=\"959\" src=\"https:\/\/i0.wp.com\/alice-deslices.fr\/wp-content\/uploads\/2021\/12\/img_20211217_145348.jpg?resize=750%2C959&#038;ssl=1\" alt=\"\" class=\"wp-image-223\" srcset=\"https:\/\/i0.wp.com\/alice-deslices.fr\/wp-content\/uploads\/2021\/12\/img_20211217_145348.jpg?w=1080&amp;ssl=1 1080w, https:\/\/i0.wp.com\/alice-deslices.fr\/wp-content\/uploads\/2021\/12\/img_20211217_145348.jpg?resize=235%2C300&amp;ssl=1 235w, https:\/\/i0.wp.com\/alice-deslices.fr\/wp-content\/uploads\/2021\/12\/img_20211217_145348.jpg?resize=801%2C1024&amp;ssl=1 801w, https:\/\/i0.wp.com\/alice-deslices.fr\/wp-content\/uploads\/2021\/12\/img_20211217_145348.jpg?resize=768%2C982&amp;ssl=1 768w\" sizes=\"auto, (max-width: 750px) 100vw, 750px\" \/><\/figure>\n\n\n\n<p><strong>Pratiques :<\/strong><\/p>\n\n\n\n<ul class=\"wp-block-list\">\n<li>Cock and ball torture<\/li>\n\n\n\n<li>Jeux d&rsquo;impact ( fouet, martinets, cravache, paddle, fouet, fess\u00e9es)<\/li>\n\n\n\n<li>Torture des t\u00e9tons<\/li>\n\n\n\n<li>Adoration (pieds, sexe, fesses&#8230;)<\/li>\n\n\n\n<li>Crachats<\/li>\n\n\n\n<li>Insultes<\/li>\n\n\n\n<li>Chastet\u00e9 et frustration<\/li>\n\n\n\n<li>Momification<\/li>\n\n\n\n<li>Servitude<\/li>\n\n\n\n<li>Wax play<\/li>\n\n\n\n<li>Griffures<\/li>\n\n\n\n<li>\u00c9pilation<\/li>\n\n\n\n<li>Gifles<\/li>\n\n\n\n<li>Uro<\/li>\n\n\n\n<li>Sexe anal et pegging<\/li>\n\n\n\n<li>F\u00e9minisation<\/li>\n\n\n\n<li>Pet play<\/li>\n\n\n\n<li>Contraintes diverses<\/li>\n\n\n\n<li>Humiliations diverses<\/li>\n<\/ul>\n\n\n\n<figure class=\"wp-block-image size-large\"><img data-recalc-dims=\"1\" decoding=\"async\" src=\"https:\/\/i0.wp.com\/alice-deslices.fr\/wp-content\/uploads\/2021\/12\/d4blxxshtnqxwuck-2.gif?w=750&#038;ssl=1\" alt=\"\" class=\"wp-image-209\"\/><\/figure>\n\n\n\n<p><strong>\u00c0 l&rsquo;intention des d\u00e9butants et autres curieux :<\/strong><\/p>\n\n\n\n<p>Je n&rsquo;accepte pas de s\u00e9ance de moins d&rsquo;une heure et demie, le temps de faire un peu de p\u00e9dagogie et que tu cesses de trembler. Je suis toujours \u00e0 l&rsquo;\u00e9coute dans mon r\u00f4le de Ma\u00eetresse donc ne t&rsquo;en fais pas trop. Mon but n&rsquo;est pas de te martyriser mais de t&rsquo;aider \u00e0 d\u00e9couvrir des plaisirs inconnus. Et si \u00e7a ne te pla\u00eet pas, on peut toujours revenir \u00e0 une s\u00e9ance plus vanille. Il n&rsquo;y a pas forc\u00e9ment de sexe lors d&rsquo;une s\u00e9ance de domination, il peut y en avoir si j&rsquo;en ai envie mais n&rsquo;oublies pas que tu es l\u00e0 pour me satisfaire, pas l&rsquo;inverse.<\/p>\n","protected":false},"excerpt":{"rendered":"<p>Vous entrez ici dans mon Donjon. Si vous souhaitez \u00eatre \u00e0 mes pieds durant une heure ou plus vous \u00eates au bon endroit. J&rsquo;accepte les curieux et les d\u00e9butants ainsi que les chiens plus habitu\u00e9s. Les consignes pour me contacter sont les m\u00eames que pour les s\u00e9ances vanille mais tu m&rsquo;appelleras Madame et tu me&hellip; <a class=\"more-link\" href=\"https:\/\/alice-deslices.fr\/index.php\/domination-2\/\">Poursuivre la lecture <span class=\"screen-reader-text\">Domination<\/span><\/a><\/p>\n","protected":false},"author":1,"featured_media":0,"parent":0,"menu_order":0,"comment_status":"closed","ping_status":"closed","template":"","meta":{"om_disable_all_campaigns":false,"_monsterinsights_skip_tracking":false,"_monsterinsights_sitenote_active":false,"_monsterinsights_sitenote_note":"","_monsterinsights_sitenote_category":0,"footnotes":""},"class_list":["post-297","page","type-page","status-publish","hentry","entry"],"aioseo_notices":[],"jetpack_sharing_enabled":true,"_links":{"self":[{"href":"https:\/\/alice-deslices.fr\/index.php\/wp-json\/wp\/v2\/pages\/297","targetHints":{"allow":["GET"]}}],"collection":[{"href":"https:\/\/alice-deslices.fr\/index.php\/wp-json\/wp\/v2\/pages"}],"about":[{"href":"https:\/\/alice-deslices.fr\/index.php\/wp-json\/wp\/v2\/types\/page"}],"author":[{"embeddable":true,"href":"https:\/\/alice-deslices.fr\/index.php\/wp-json\/wp\/v2\/users\/1"}],"replies":[{"embeddable":true,"href":"https:\/\/alice-deslices.fr\/index.php\/wp-json\/wp\/v2\/comments?post=297"}],"version-history":[{"count":1,"href":"https:\/\/alice-deslices.fr\/index.php\/wp-json\/wp\/v2\/pages\/297\/revisions"}],"predecessor-version":[{"id":402,"href":"https:\/\/alice-deslices.fr\/index.php\/wp-json\/wp\/v2\/pages\/297\/revisions\/402"}],"wp:attachment":[{"href":"https:\/\/alice-deslices.fr\/index.php\/wp-json\/wp\/v2\/media?parent=297"}],"curies":[{"name":"wp","href":"https:\/\/api.w.org\/{rel}","templated":true}]}}