{"id":279,"date":"2022-07-29T17:16:27","date_gmt":"2022-07-29T16:16:27","guid":{"rendered":"https:\/\/lesdelicesdalice35.wordpress.com\/279-2\/"},"modified":"2025-02-19T13:22:54","modified_gmt":"2025-02-19T12:22:54","slug":"faq","status":"publish","type":"page","link":"https:\/\/alice-deslices.fr\/index.php\/faq\/","title":{"rendered":"FAQ"},"content":{"rendered":"\n<h2 class=\"wp-block-heading has-text-align-center\">Foire aux questions <\/h2>\n\n\n\n<p>J&rsquo;ai regroup\u00e9 ici les questions que vous vous posez sans oser demander (oui c&rsquo;est le principe d&rsquo;une foire aux questions Alice)<\/p>\n\n\n<div class=\"wp-block-image\">\n<figure class=\"aligncenter\"><img data-recalc-dims=\"1\" decoding=\"async\" src=\"https:\/\/i0.wp.com\/alice-deslices.fr\/wp-content\/uploads\/2022\/07\/6i08t5xzyuofq.gif?w=750&#038;ssl=1\" alt=\"\" class=\"wp-image-277\"\/><\/figure><\/div>\n\n\n<p><em><strong>Pourquoi \u00e7a co\u00fbte aussi cher une escorte?<\/strong> <\/em>Je vais parler pour moi et uniquement pour moi. Dans mon tarif j&rsquo;inclus le temps de pr\u00e9paration en amont, le temps de d\u00e9placement, l&rsquo;essence, l&rsquo;usure de ma voiture, le prix de ma lingerie, le prix de l&rsquo;\u00e9pilation au laser pour votre confort&#8230; Et oui vous ne payez pas \u00a0\u00bbjuste\u00a0\u00bb le moment pass\u00e9 en ma compagnie.<\/p>\n\n\n\n<p><em><strong>Pourquoi tu ne te d\u00e9places pas \u00e0 trifouillis les olivettes\/ p\u00e9taouchnok ou autre bled lointain ? <\/strong><\/em>D\u00e9j\u00e0 j&rsquo;accepte les d\u00e9placements dans la limite du raisonnable (de ce que JE consid\u00e8re raisonnable) \u00e0 partir de 2h de rdv. Pourquoi 2h? Pour que ce soit rentable pour moi. Et ensuite, je ne peux pas faire de d\u00e9placement lointain pour UN rdv. M\u00eame si tu as tr\u00e8s envie de me voir. L\u00e0 encore, question de rentabilit\u00e9.<\/p>\n\n\n\n<p><em><strong>Pourquoi tu ne prends pas de rdv de derni\u00e8re minute ?<\/strong><\/em> Parce que comme toi, j&rsquo;ai une vie en dehors du travail \ud83d\ude42 Je peux avoir des choses de pr\u00e9vues, \u00eatre avec des ami.e.s&#8230; bref je fais ma vie quoi. Donc \u00e0 toi de t&rsquo;organiser un peu \ud83d\ude09<\/p>\n\n\n\n<p><em><strong>Pourquoi tu ne r\u00e9ponds pas \u00e0 mon message?<\/strong><\/em> Probablement parce que tu ne fais pas ce que je te demande de faire.<\/p>\n\n\n\n<p><strong><em>Pourquoi je dois payer un acompte ? T&rsquo;es une arnaqueuse<\/em><\/strong><\/p>\n\n\n\n<p>Quand vous souhaitez prendre rdv avec moi je vous demande de verser la somme de 50\u20ac (100 si d\u00e9placement loin).<br>\u00c7a plait pas \u00e0 plein de Jean Michel qui me mettent l&rsquo;\u00e9tiquette d&rsquo;arnaqueuse comme des teub\u00e9s.<br>Alors pourquoi je vous demande cette somme? <\/p>\n\n\n\n<p>&#8211; Parce que \u00e7a m&rsquo;\u00e9vite \u00c9NORM\u00c9MENT de lapins <br>&#8211; Parce que j&rsquo;habite pas dans un immeuble et je veux pas donner mon adresse \u00e0 tout les mecs qui me contactent<br>&#8211; Parce que \u00e7a me prouve votre s\u00e9rieux <br>&#8211; Parce que si vous annulez \u00e0 la derni\u00e8re minute j&rsquo;ai cet argent en compensation <\/p>\n\n\n\n<p>&#8211; Parce qu&rsquo;\u00e0 priori \u00e7a m&rsquo;\u00e9vite les mecs dangereux (tu vas pas verser de l&rsquo;argent pour venir me braquer).<br><br>La confiance \u00e7a va dans les deux sens. Tu as confiance en moi donc tu me verses l&rsquo;acompte, j&rsquo;ai confiance en toi donc j&rsquo;accepte de te rencontrer.<br>Normalisez les acomptes.<\/p>\n\n\n\n<p>Ce qui peut vous arriver de pire c&rsquo;est de vous faire arnaquer de 50balles. Ce qui peut m&rsquo;arriver de pire c&rsquo;est de grossir la liste des f\u00e9minicides. <\/p>\n\n\n\n<figure class=\"wp-block-image size-large\"><img data-recalc-dims=\"1\" loading=\"lazy\" decoding=\"async\" width=\"750\" height=\"742\" src=\"https:\/\/i0.wp.com\/alice-deslices.fr\/wp-content\/uploads\/2022\/10\/img_20221005_150248.jpg?resize=750%2C742&#038;ssl=1\" alt=\"\" class=\"wp-image-296\" srcset=\"https:\/\/i0.wp.com\/alice-deslices.fr\/wp-content\/uploads\/2022\/10\/img_20221005_150248.jpg?w=1080&amp;ssl=1 1080w, https:\/\/i0.wp.com\/alice-deslices.fr\/wp-content\/uploads\/2022\/10\/img_20221005_150248.jpg?resize=300%2C297&amp;ssl=1 300w, https:\/\/i0.wp.com\/alice-deslices.fr\/wp-content\/uploads\/2022\/10\/img_20221005_150248.jpg?resize=1024%2C1013&amp;ssl=1 1024w, https:\/\/i0.wp.com\/alice-deslices.fr\/wp-content\/uploads\/2022\/10\/img_20221005_150248.jpg?resize=768%2C759&amp;ssl=1 768w\" sizes=\"auto, (max-width: 750px) 100vw, 750px\" \/><\/figure>\n\n\n\n<p><em><strong>Pourquoi tu ne r\u00e9ponds pas aux appels ?<\/strong><\/em> Parce que sinon je passe ma vie au t\u00e9l\u00e9phone pour au final avoir tr\u00e8s peu de vrais rendez-vous. Du coup tout se passe par sms. Mais si tu as besoin d&rsquo;\u00eatre rassur\u00e9 je peux t&rsquo;appeler rapidement.<\/p>\n\n\n\n<p><em><strong>Pourquoi tu n&rsquo;acceptes pas de rdv sans acompte ? <\/strong><\/em>Parce qu&rsquo;il y a trop de lapins, trop de petits rigolos qui veulent nous faire perdre notre temps. \u00c7a me permet de trier les personnes pas s\u00e9rieuses et \u00e7a me d\u00e9dommage en cas d&rsquo;annulation.<\/p>\n\n\n\n<figure class=\"wp-block-image size-large\"><img data-recalc-dims=\"1\" loading=\"lazy\" decoding=\"async\" width=\"750\" height=\"499\" src=\"https:\/\/i0.wp.com\/alice-deslices.fr\/wp-content\/uploads\/2022\/10\/img_20221005_150332.jpg?resize=750%2C499&#038;ssl=1\" alt=\"\" class=\"wp-image-295\" srcset=\"https:\/\/i0.wp.com\/alice-deslices.fr\/wp-content\/uploads\/2022\/10\/img_20221005_150332.jpg?w=1080&amp;ssl=1 1080w, https:\/\/i0.wp.com\/alice-deslices.fr\/wp-content\/uploads\/2022\/10\/img_20221005_150332.jpg?resize=300%2C200&amp;ssl=1 300w, https:\/\/i0.wp.com\/alice-deslices.fr\/wp-content\/uploads\/2022\/10\/img_20221005_150332.jpg?resize=1024%2C682&amp;ssl=1 1024w, https:\/\/i0.wp.com\/alice-deslices.fr\/wp-content\/uploads\/2022\/10\/img_20221005_150332.jpg?resize=768%2C511&amp;ssl=1 768w\" sizes=\"auto, (max-width: 750px) 100vw, 750px\" \/><\/figure>\n\n\n\n<p><em><strong>Pourquoi tu n&rsquo;acceptes pas de p\u00e9n\u00e9tration sans capote ? <\/strong><\/em>Pour des raisons \u00e9videntes. Mais je vais quand m\u00eame t&rsquo;expliquer. Parce que c&rsquo;est dangereux. Parce que coucou le VIH, coucou les autres IST. Parce que m\u00eame si tu as fait un test, il n&rsquo;est valable qu&rsquo;\u00e0 l&rsquo;instant T, je ne sais pas ce que tu as pu faire entre temps. De m\u00eame pour moi, tu ne peux pas \u00eatre s\u00fbr que je ne vais pas te refiler un truc&#8230; Donc dans le doute, capote obligatoire. Si tu aimes prendre des risques libre \u00e0 toi mais moi je ne suis pas int\u00e9ress\u00e9e.<\/p>\n\n\n\n<p><em><strong>Pourquoi la sodomie est en suppl\u00e9ment ? <\/strong><\/em>Parce que \u00e7a augmente le temps de pr\u00e9paration. Mon anus ne se dilate pas sur commande, il faut donc le travailler avant, et c&rsquo;est \u00e7a que tu payes. Plus le risque de me faire mal.<\/p>\n\n\n\n<p><em><strong>Est ce que je peux t&rsquo;insulter ? <\/strong><\/em>Alors, pendant le sexe oui si tu veux. Mais pas avant, ni apr\u00e8s. Et surtout je n&rsquo;accepte pas les propos racistes ou grossophobes. Donc on se contente des traditionnels \u00a0\u00bbsalope\u00a0\u00bb et compagnie. Je suis pas ta beurette Jean Michel.<\/p>\n\n\n\n<figure class=\"wp-block-image size-large\"><img data-recalc-dims=\"1\" loading=\"lazy\" decoding=\"async\" width=\"480\" height=\"360\" src=\"https:\/\/i0.wp.com\/alice-deslices.fr\/wp-content\/uploads\/2022\/07\/l5rpz6wjmv0k0.gif?resize=480%2C360&#038;ssl=1\" alt=\"\" class=\"wp-image-278\"\/><\/figure>\n","protected":false},"excerpt":{"rendered":"<p>Foire aux questions J&rsquo;ai regroup\u00e9 ici les questions que vous vous posez sans oser demander (oui c&rsquo;est le principe d&rsquo;une foire aux questions Alice) Pourquoi \u00e7a co\u00fbte aussi cher une escorte? Je vais parler pour moi et uniquement pour moi. Dans mon tarif j&rsquo;inclus le temps de pr\u00e9paration en amont, le temps de d\u00e9placement, l&rsquo;essence,&hellip; <a class=\"more-link\" href=\"https:\/\/alice-deslices.fr\/index.php\/faq\/\">Poursuivre la lecture <span class=\"screen-reader-text\">FAQ<\/span><\/a><\/p>\n","protected":false},"author":1,"featured_media":0,"parent":0,"menu_order":0,"comment_status":"closed","ping_status":"closed","template":"","meta":{"om_disable_all_campaigns":false,"_monsterinsights_skip_tracking":false,"_monsterinsights_sitenote_active":false,"_monsterinsights_sitenote_note":"","_monsterinsights_sitenote_category":0,"footnotes":""},"class_list":["post-279","page","type-page","status-publish","hentry","entry"],"aioseo_notices":[],"jetpack_sharing_enabled":true,"_links":{"self":[{"href":"https:\/\/alice-deslices.fr\/index.php\/wp-json\/wp\/v2\/pages\/279","targetHints":{"allow":["GET"]}}],"collection":[{"href":"https:\/\/alice-deslices.fr\/index.php\/wp-json\/wp\/v2\/pages"}],"about":[{"href":"https:\/\/alice-deslices.fr\/index.php\/wp-json\/wp\/v2\/types\/page"}],"author":[{"embeddable":true,"href":"https:\/\/alice-deslices.fr\/index.php\/wp-json\/wp\/v2\/users\/1"}],"replies":[{"embeddable":true,"href":"https:\/\/alice-deslices.fr\/index.php\/wp-json\/wp\/v2\/comments?post=279"}],"version-history":[{"count":1,"href":"https:\/\/alice-deslices.fr\/index.php\/wp-json\/wp\/v2\/pages\/279\/revisions"}],"predecessor-version":[{"id":423,"href":"https:\/\/alice-deslices.fr\/index.php\/wp-json\/wp\/v2\/pages\/279\/revisions\/423"}],"wp:attachment":[{"href":"https:\/\/alice-deslices.fr\/index.php\/wp-json\/wp\/v2\/media?parent=279"}],"curies":[{"name":"wp","href":"https:\/\/api.w.org\/{rel}","templated":true}]}}