{"id":267,"date":"2022-06-18T22:44:15","date_gmt":"2022-06-18T20:44:15","guid":{"rendered":"https:\/\/lesdelicesdalice35.wordpress.com\/moffrir-un-cadeau-une-offrande\/"},"modified":"2023-09-05T12:48:06","modified_gmt":"2023-09-05T11:48:06","slug":"moffrir-un-cadeau-une-offrande","status":"publish","type":"page","link":"https:\/\/alice-deslices.fr\/index.php\/moffrir-un-cadeau-une-offrande\/","title":{"rendered":"M&rsquo;offrir un cadeau\/ une offrande"},"content":{"rendered":"\n<p>Vous \u00eates un gentleman et vous ne souhaitez pas arriver les mains vides? Ou bien un soumis qui d\u00e9sire se faire bien voir ?  Alors vous \u00eates au bon endroit.<\/p>\n\n\n\n<p>Les cadeaux ou offrandes ne sont pas obligatoires mais c&rsquo;est un petit plus appr\u00e9ciable qui vous fera entrer directement dans mes petits papiers. Voici donc quelques id\u00e9es :<\/p>\n\n\n\n<ul class=\"wp-block-list\">\n<li>Des macarons (je n&rsquo;aime pas ceux au go\u00fbt de fleurs comme rose et compagnie) mes pr\u00e9f\u00e9r\u00e9s sont caf\u00e9, pistache et chocolat<\/li>\n\n\n\n<li>Un cadeau de ma liste <a href=\"https:\/\/www.wishtender.com\/AliceDesLices\" target=\"_blank\" rel=\"noopener\" title=\"\">https:\/\/www.wishtender.com\/AliceDesLices<\/a><\/li>\n\n\n\n<li>Du champagne<\/li>\n\n\n\n<li>Une carte cadeau Sephora, Glamuse, Amazon <\/li>\n\n\n\n<li>Un code Nintendo e-shop, Electronic Arts ou Steam <\/li>\n\n\n\n<li>Des sushis (attention je suis tr\u00e8s difficile)<\/li>\n\n\n\n<li>Un massage ou soin du visage <\/li>\n<\/ul>\n\n\n\n<figure class=\"wp-block-image size-large\"><img data-recalc-dims=\"1\" loading=\"lazy\" decoding=\"async\" width=\"480\" height=\"270\" src=\"https:\/\/i0.wp.com\/alice-deslices.fr\/wp-content\/uploads\/2022\/06\/d3sohrtiyujjs.gif?resize=480%2C270&#038;ssl=1\" alt=\"\" class=\"wp-image-266\"\/><\/figure>\n","protected":false},"excerpt":{"rendered":"<p>Vous \u00eates un gentleman et vous ne souhaitez pas arriver les mains vides? Ou bien un soumis qui d\u00e9sire se faire bien voir ? Alors vous \u00eates au bon endroit. Les cadeaux ou offrandes ne sont pas obligatoires mais c&rsquo;est un petit plus appr\u00e9ciable qui vous fera entrer directement dans mes petits papiers. Voici donc&hellip; <a class=\"more-link\" href=\"https:\/\/alice-deslices.fr\/index.php\/moffrir-un-cadeau-une-offrande\/\">Poursuivre la lecture <span class=\"screen-reader-text\">M&rsquo;offrir un cadeau\/ une offrande<\/span><\/a><\/p>\n","protected":false},"author":1,"featured_media":0,"parent":0,"menu_order":0,"comment_status":"closed","ping_status":"closed","template":"","meta":{"om_disable_all_campaigns":false,"_monsterinsights_skip_tracking":false,"_monsterinsights_sitenote_active":false,"_monsterinsights_sitenote_note":"","_monsterinsights_sitenote_category":0,"footnotes":""},"class_list":["post-267","page","type-page","status-publish","hentry","entry"],"aioseo_notices":[],"jetpack_sharing_enabled":true,"_links":{"self":[{"href":"https:\/\/alice-deslices.fr\/index.php\/wp-json\/wp\/v2\/pages\/267","targetHints":{"allow":["GET"]}}],"collection":[{"href":"https:\/\/alice-deslices.fr\/index.php\/wp-json\/wp\/v2\/pages"}],"about":[{"href":"https:\/\/alice-deslices.fr\/index.php\/wp-json\/wp\/v2\/types\/page"}],"author":[{"embeddable":true,"href":"https:\/\/alice-deslices.fr\/index.php\/wp-json\/wp\/v2\/users\/1"}],"replies":[{"embeddable":true,"href":"https:\/\/alice-deslices.fr\/index.php\/wp-json\/wp\/v2\/comments?post=267"}],"version-history":[{"count":1,"href":"https:\/\/alice-deslices.fr\/index.php\/wp-json\/wp\/v2\/pages\/267\/revisions"}],"predecessor-version":[{"id":379,"href":"https:\/\/alice-deslices.fr\/index.php\/wp-json\/wp\/v2\/pages\/267\/revisions\/379"}],"wp:attachment":[{"href":"https:\/\/alice-deslices.fr\/index.php\/wp-json\/wp\/v2\/media?parent=267"}],"curies":[{"name":"wp","href":"https:\/\/api.w.org\/{rel}","templated":true}]}}